{"id":11913,"date":"2023-02-20T16:11:31","date_gmt":"2023-02-20T20:11:31","guid":{"rendered":"https:\/\/dominicanosusa.org\/?page_id=11913"},"modified":"2023-04-14T14:52:59","modified_gmt":"2023-04-14T18:52:59","slug":"volunteer-with-us","status":"publish","type":"page","link":"https:\/\/dominicanosusa.org\/es\/volunteer-with-us\/","title":{"rendered":"Hazte voluntario"},"content":{"rendered":"<div data-elementor-type=\"wp-page\" data-elementor-id=\"11913\" class=\"elementor elementor-11913\">\n\t\t\t\t\t\t\t        <section class=\"elementor-section elementor-top-section elementor-element elementor-element-7a69853 elementor-section-full_width elementor-section-content-top elementor-section-height-default elementor-section-height-default ct-header-fixed-none ct-row-max-none\" data-id=\"7a69853\" data-element_type=\"section\" data-settings=\"{&quot;background_background&quot;:&quot;classic&quot;}\">\n                            <div class=\"elementor-background-overlay\"><\/div>\n                \n                        <div class=\"elementor-container elementor-column-gap-no\">\n                    <div class=\"elementor-column elementor-col-50 elementor-top-column elementor-element elementor-element-2ccd492\" data-id=\"2ccd492\" data-element_type=\"column\">\n            <div class=\"elementor-widget-wrap elementor-element-populated\">\n                        \t\t<div class=\"elementor-element elementor-element-e60703f elementor-invisible elementor-widget elementor-widget-ct_heading\" data-id=\"e60703f\" data-element_type=\"widget\" data-settings=\"{&quot;_animation_tablet&quot;:&quot;fadeInUp&quot;,&quot;_animation&quot;:&quot;fadeInUp&quot;}\" data-widget_type=\"ct_heading.default\">\n\t\t\t\t<div class=\"elementor-widget-container\">\n\t\t\t<div id=\"ct_heading-e60703f\" class=\"ct-heading h-align-left sub-style1 ct-heading-left item-st-default\">\r\n\t<div class=\"ct-item--inner\">\r\n        <div class=\"ct-inline-css\"  data-css=\"            \">\r\n        <\/div>\r\n                <h3 class=\"item--title st-default case-animate-time\" data-wow-delay=\"ms\">\r\n                        <span class=\"sp-main\">\r\n                \r\n                S\u00e9 voluntario con nosotros\r\n                \r\n                            <\/span>\r\n                    <\/h3>\r\n    <\/div>\r\n<\/div>\t\t<\/div>\n\t\t\t\t<\/div>\n\t\t\t\t<div class=\"elementor-element elementor-element-fdfcdee wow fadeInRight elementor-widget elementor-widget-text-editor\" data-id=\"fdfcdee\" data-element_type=\"widget\" data-widget_type=\"text-editor.default\">\n\t\t\t\t<div class=\"elementor-widget-container\">\n\t\t\t<style>\/*! elementor - v3.18.0 - 20-12-2023 *\/\n.elementor-widget-text-editor.elementor-drop-cap-view-stacked .elementor-drop-cap{background-color:#69727d;color:#fff}.elementor-widget-text-editor.elementor-drop-cap-view-framed .elementor-drop-cap{color:#69727d;border:3px solid;background-color:transparent}.elementor-widget-text-editor:not(.elementor-drop-cap-view-default) .elementor-drop-cap{margin-top:8px}.elementor-widget-text-editor:not(.elementor-drop-cap-view-default) .elementor-drop-cap-letter{width:1em;height:1em}.elementor-widget-text-editor .elementor-drop-cap{float:left;text-align:center;line-height:1;font-size:50px}.elementor-widget-text-editor .elementor-drop-cap-letter{display:inline-block}<\/style>\t\t\t\t<p>DUSA siempre busca voluntarios dedicados apasionados por crear un cambio positivo en sus comunidades. Los voluntarios son esenciales para brindar servicios cruciales a quienes los necesitan y, como voluntario, trabajar\u00e1 junto con el personal para promover el compromiso c\u00edvico y crear una sociedad m\u00e1s justa. <br \/><br \/><strong>Hay una variedad de oportunidades de voluntariado disponibles:<\/strong> <br \/>\u2022 Ayudando con talleres de asistencia a la ciudadan\u00eda.<br \/>\u2022 Campa\u00f1as de registro de votantes<br \/>\u2022 Movilizar a los votantes a las urnas<br \/>\u2022 Y m\u00e1s <br \/><br \/>Independientemente de sus intereses o habilidades, DUSA tiene una oportunidad de voluntariado para usted que puede ayudarlo a obtener una experiencia valiosa, conocer gente nueva y tener un impacto significativo en su comunidad. Si est\u00e1 interesado en ser voluntario, simplemente complete el formulario para ponerse en contacto.<\/p>\t\t\t\t\t\t<\/div>\n\t\t\t\t<\/div>\n\t\t\t\t<div class=\"elementor-element elementor-element-d85c740 elementor-widget elementor-widget-ucaddon_blox_btn_group\" data-id=\"d85c740\" data-element_type=\"widget\" data-widget_type=\"ucaddon_blox_btn_group.default\">\n\t\t\t\t<div class=\"elementor-widget-container\">\n\t\t\t<!-- start Button Group -->\n\t\t<link id='font-awesome-css' href='https:\/\/dominicanosusa.org\/wp-content\/plugins\/unlimited-elements-for-elementor-premium\/assets_libraries\/font-awesome5\/css\/fontawesome-all.min.css' type='text\/css' rel='stylesheet' >\n\t\t<link id='font-awesome-4-shim-css' href='https:\/\/dominicanosusa.org\/wp-content\/plugins\/unlimited-elements-for-elementor-premium\/assets_libraries\/font-awesome5\/css\/fontawesome-v4-shims.css' type='text\/css' rel='stylesheet' >\n\n\t\t\t<style type=\"text\/css\">\/* widget: Button Group *\/\n\n#uc_blox_btn_group_elementor_d85c740\n{\n  display:flex;\n  flex-wrap: wrap;\n}\n\n#uc_blox_btn_group_elementor_d85c740 a\n{\n  display:block;\n  text-decoration:none;\n  transition:0.3s;\n\n}\n\n#uc_blox_btn_group_elementor_d85c740 .blox_btn_group_inner\n{\n  display:inline-flex;\n  align-items:center;\n}\n\n#uc_blox_btn_group_elementor_d85c740 .blox_btn_group_inner .ue-btn-icon\n{\n  line-height:1em;\n}\n\n#uc_blox_btn_group_elementor_d85c740 .blox_btn_group_inner .ue-btn-icon svg\n{\n  height:1em;\n  width:1em;\n}\n\n<\/style>\n\n\t\t\t<div id=\"uc_blox_btn_group_elementor_d85c740\" class=\"blox_btn_group\">\n  <a class=\"elementor-repeater-item-66980e3 elementor-animation-bob\" href=\"https:\/\/youtu.be\/88S6K_oIqhQ\" id=\"uc_blox_btn_group_elementor_d85c740_item1\"  target='_blank'>\n  <div class=\"blox_btn_group_inner\">\n        <div class=\"ue-btn-txt\">\u00a1Ver m\u00e1s acerca del voluntariado!<\/div>\n  <\/div>\n<\/a>\n\n  \n\n\n<\/div>\n\t\t\t<!-- end Button Group -->\t\t<\/div>\n\t\t\t\t<\/div>\n\t\t            <\/div>\n        <\/div>\n                <div class=\"elementor-column elementor-col-50 elementor-top-column elementor-element elementor-element-2e50416\" data-id=\"2e50416\" data-element_type=\"column\">\n            <div class=\"elementor-widget-wrap elementor-element-populated\">\n                        \t\t<div class=\"elementor-element elementor-element-3ade6d8 elementor-widget elementor-widget-html\" data-id=\"3ade6d8\" data-element_type=\"widget\" data-widget_type=\"html.default\">\n\t\t\t\t<div class=\"elementor-widget-container\">\n\t\t\t<iframe src=\"https:\/\/www.tfaforms.com\/5053568\" style=\"border:0px #ffffff none;\" name=\"myiFrame\" scrolling=\"no\" frameborder=\"1\" marginheight=\"0px\" marginwidth=\"0px\" height=\"2300px\" width=\"600px\" allowfullscreen><\/iframe>\n\t\t<\/div>\n\t\t\t\t<\/div>\n\t\t            <\/div>\n        <\/div>\n                            <\/div>\n        <\/section>\n        \t\t\t\t\t<\/div>","protected":false},"excerpt":{"rendered":"<p>Volunteer with us! DUSA always looking for dedicated volunteers who are passionate about creating positive change in their communities. Volunteers are essential in providing crucial services to those in need, and as a volunteer, you will work alongside staff to promote civic engagement and create a more just society. There are a range of volunteer [&hellip;]<\/p>\n","protected":false},"author":1,"featured_media":0,"parent":0,"menu_order":0,"comment_status":"closed","ping_status":"closed","template":"","meta":{"footnotes":""},"class_list":["post-11913","page","type-page","status-publish","hentry"],"yoast_head":"<!-- This site is optimized with the Yoast SEO plugin v26.0 - https:\/\/yoast.com\/wordpress\/plugins\/seo\/ -->\n<title>Volunteer with us - Dominicanos USA<\/title>\n<meta name=\"robots\" content=\"index, follow, max-snippet:-1, max-image-preview:large, max-video-preview:-1\" \/>\n<link rel=\"canonical\" href=\"https:\/\/dominicanosusa.org\/es\/volunteer-with-us\/\" \/>\n<meta property=\"og:locale\" content=\"es_ES\" \/>\n<meta property=\"og:type\" content=\"article\" \/>\n<meta property=\"og:title\" content=\"Volunteer with us - Dominicanos USA\" \/>\n<meta property=\"og:description\" content=\"Volunteer with us! DUSA always looking for dedicated volunteers who are passionate about creating positive change in their communities. Volunteers are essential in providing crucial services to those in need, and as a volunteer, you will work alongside staff to promote civic engagement and create a more just society. There are a range of volunteer [&hellip;]\" \/>\n<meta property=\"og:url\" content=\"https:\/\/dominicanosusa.org\/es\/volunteer-with-us\/\" \/>\n<meta property=\"og:site_name\" content=\"Dominicanos USA\" \/>\n<meta property=\"article:publisher\" content=\"https:\/\/facebook.com\/dominicanosusa\" \/>\n<meta property=\"article:modified_time\" content=\"2023-04-14T18:52:59+00:00\" \/>\n<meta property=\"og:image\" content=\"https:\/\/dominicanosusa.org\/wp-content\/uploads\/2020\/04\/1-DUSA-LOGO-APPLICATIONS.png\" \/>\n\t<meta property=\"og:image:width\" content=\"1080\" \/>\n\t<meta property=\"og:image:height\" content=\"512\" \/>\n\t<meta property=\"og:image:type\" content=\"image\/png\" \/>\n<meta name=\"twitter:card\" content=\"summary_large_image\" \/>\n<meta name=\"twitter:site\" content=\"@yosoydusa\" \/>\n<meta name=\"twitter:label1\" content=\"Tiempo de lectura\" \/>\n\t<meta name=\"twitter:data1\" content=\"1 minuto\" \/>\n<script type=\"application\/ld+json\" class=\"yoast-schema-graph\">{\"@context\":\"https:\/\/schema.org\",\"@graph\":[{\"@type\":\"WebPage\",\"@id\":\"https:\/\/dominicanosusa.org\/volunteer-with-us\/\",\"url\":\"https:\/\/dominicanosusa.org\/volunteer-with-us\/\",\"name\":\"Volunteer with us - Dominicanos USA\",\"isPartOf\":{\"@id\":\"https:\/\/dominicanosusa.org\/#website\"},\"datePublished\":\"2023-02-20T20:11:31+00:00\",\"dateModified\":\"2023-04-14T18:52:59+00:00\",\"breadcrumb\":{\"@id\":\"https:\/\/dominicanosusa.org\/volunteer-with-us\/#breadcrumb\"},\"inLanguage\":\"es\",\"potentialAction\":[{\"@type\":\"ReadAction\",\"target\":[\"https:\/\/dominicanosusa.org\/volunteer-with-us\/\"]}]},{\"@type\":\"BreadcrumbList\",\"@id\":\"https:\/\/dominicanosusa.org\/volunteer-with-us\/#breadcrumb\",\"itemListElement\":[{\"@type\":\"ListItem\",\"position\":1,\"name\":\"Portada\",\"item\":\"https:\/\/dominicanosusa.org\/\"},{\"@type\":\"ListItem\",\"position\":2,\"name\":\"Volunteer with us\"}]},{\"@type\":\"WebSite\",\"@id\":\"https:\/\/dominicanosusa.org\/#website\",\"url\":\"https:\/\/dominicanosusa.org\/\",\"name\":\"Dominicanos USA\",\"description\":\"Dominicanos USA\",\"publisher\":{\"@id\":\"https:\/\/dominicanosusa.org\/#organization\"},\"alternateName\":\"DUSA\",\"potentialAction\":[{\"@type\":\"SearchAction\",\"target\":{\"@type\":\"EntryPoint\",\"urlTemplate\":\"https:\/\/dominicanosusa.org\/?s={search_term_string}\"},\"query-input\":{\"@type\":\"PropertyValueSpecification\",\"valueRequired\":true,\"valueName\":\"search_term_string\"}}],\"inLanguage\":\"es\"},{\"@type\":\"Organization\",\"@id\":\"https:\/\/dominicanosusa.org\/#organization\",\"name\":\"Dominicanos USA\",\"alternateName\":\"DUSA\",\"url\":\"https:\/\/dominicanosusa.org\/\",\"logo\":{\"@type\":\"ImageObject\",\"inLanguage\":\"es\",\"@id\":\"https:\/\/dominicanosusa.org\/#\/schema\/logo\/image\/\",\"url\":\"https:\/\/dominicanosusa.org\/wp-content\/uploads\/2020\/04\/1-DUSA-LOGO-APPLICATIONS.png\",\"contentUrl\":\"https:\/\/dominicanosusa.org\/wp-content\/uploads\/2020\/04\/1-DUSA-LOGO-APPLICATIONS.png\",\"width\":1080,\"height\":512,\"caption\":\"Dominicanos USA\"},\"image\":{\"@id\":\"https:\/\/dominicanosusa.org\/#\/schema\/logo\/image\/\"},\"sameAs\":[\"https:\/\/facebook.com\/dominicanosusa\",\"https:\/\/x.com\/yosoydusa\"]}]}<\/script>\n<!-- \/ Yoast SEO plugin. -->","yoast_head_json":{"title":"Volunteer with us - Dominicanos USA","robots":{"index":"index","follow":"follow","max-snippet":"max-snippet:-1","max-image-preview":"max-image-preview:large","max-video-preview":"max-video-preview:-1"},"canonical":"https:\/\/dominicanosusa.org\/es\/volunteer-with-us\/","og_locale":"es_ES","og_type":"article","og_title":"Volunteer with us - Dominicanos USA","og_description":"Volunteer with us! DUSA always looking for dedicated volunteers who are passionate about creating positive change in their communities. Volunteers are essential in providing crucial services to those in need, and as a volunteer, you will work alongside staff to promote civic engagement and create a more just society. There are a range of volunteer [&hellip;]","og_url":"https:\/\/dominicanosusa.org\/es\/volunteer-with-us\/","og_site_name":"Dominicanos USA","article_publisher":"https:\/\/facebook.com\/dominicanosusa","article_modified_time":"2023-04-14T18:52:59+00:00","og_image":[{"width":1080,"height":512,"url":"https:\/\/dominicanosusa.org\/wp-content\/uploads\/2020\/04\/1-DUSA-LOGO-APPLICATIONS.png","type":"image\/png"}],"twitter_card":"summary_large_image","twitter_site":"@yosoydusa","twitter_misc":{"Tiempo de lectura":"1 minuto"},"schema":{"@context":"https:\/\/schema.org","@graph":[{"@type":"WebPage","@id":"https:\/\/dominicanosusa.org\/volunteer-with-us\/","url":"https:\/\/dominicanosusa.org\/volunteer-with-us\/","name":"Volunteer with us - Dominicanos USA","isPartOf":{"@id":"https:\/\/dominicanosusa.org\/#website"},"datePublished":"2023-02-20T20:11:31+00:00","dateModified":"2023-04-14T18:52:59+00:00","breadcrumb":{"@id":"https:\/\/dominicanosusa.org\/volunteer-with-us\/#breadcrumb"},"inLanguage":"es","potentialAction":[{"@type":"ReadAction","target":["https:\/\/dominicanosusa.org\/volunteer-with-us\/"]}]},{"@type":"BreadcrumbList","@id":"https:\/\/dominicanosusa.org\/volunteer-with-us\/#breadcrumb","itemListElement":[{"@type":"ListItem","position":1,"name":"Portada","item":"https:\/\/dominicanosusa.org\/"},{"@type":"ListItem","position":2,"name":"Volunteer with us"}]},{"@type":"WebSite","@id":"https:\/\/dominicanosusa.org\/#website","url":"https:\/\/dominicanosusa.org\/","name":"Dominicanos USA","description":"Dominicanos USA","publisher":{"@id":"https:\/\/dominicanosusa.org\/#organization"},"alternateName":"DUSA","potentialAction":[{"@type":"SearchAction","target":{"@type":"EntryPoint","urlTemplate":"https:\/\/dominicanosusa.org\/?s={search_term_string}"},"query-input":{"@type":"PropertyValueSpecification","valueRequired":true,"valueName":"search_term_string"}}],"inLanguage":"es"},{"@type":"Organization","@id":"https:\/\/dominicanosusa.org\/#organization","name":"Dominicanos USA","alternateName":"DUSA","url":"https:\/\/dominicanosusa.org\/","logo":{"@type":"ImageObject","inLanguage":"es","@id":"https:\/\/dominicanosusa.org\/#\/schema\/logo\/image\/","url":"https:\/\/dominicanosusa.org\/wp-content\/uploads\/2020\/04\/1-DUSA-LOGO-APPLICATIONS.png","contentUrl":"https:\/\/dominicanosusa.org\/wp-content\/uploads\/2020\/04\/1-DUSA-LOGO-APPLICATIONS.png","width":1080,"height":512,"caption":"Dominicanos USA"},"image":{"@id":"https:\/\/dominicanosusa.org\/#\/schema\/logo\/image\/"},"sameAs":["https:\/\/facebook.com\/dominicanosusa","https:\/\/x.com\/yosoydusa"]}]}},"_links":{"self":[{"href":"https:\/\/dominicanosusa.org\/es\/wp-json\/wp\/v2\/pages\/11913","targetHints":{"allow":["GET"]}}],"collection":[{"href":"https:\/\/dominicanosusa.org\/es\/wp-json\/wp\/v2\/pages"}],"about":[{"href":"https:\/\/dominicanosusa.org\/es\/wp-json\/wp\/v2\/types\/page"}],"author":[{"embeddable":true,"href":"https:\/\/dominicanosusa.org\/es\/wp-json\/wp\/v2\/users\/1"}],"replies":[{"embeddable":true,"href":"https:\/\/dominicanosusa.org\/es\/wp-json\/wp\/v2\/comments?post=11913"}],"version-history":[{"count":0,"href":"https:\/\/dominicanosusa.org\/es\/wp-json\/wp\/v2\/pages\/11913\/revisions"}],"wp:attachment":[{"href":"https:\/\/dominicanosusa.org\/es\/wp-json\/wp\/v2\/media?parent=11913"}],"curies":[{"name":"wp","href":"https:\/\/api.w.org\/{rel}","templated":true}]}}