{"id":12102,"date":"2023-02-21T12:27:12","date_gmt":"2023-02-21T16:27:12","guid":{"rendered":"https:\/\/dominicanosusa.org\/?page_id=12102"},"modified":"2023-11-09T11:25:38","modified_gmt":"2023-11-09T15:25:38","slug":"citizenship-registration","status":"publish","type":"page","link":"https:\/\/dominicanosusa.org\/es\/citizenship-registration\/","title":{"rendered":"Registro de Ciudadan\u00eda"},"content":{"rendered":"<div data-elementor-type=\"wp-page\" data-elementor-id=\"12102\" class=\"elementor elementor-12102\">\n\t\t\t\t\t\t\t        <section class=\"elementor-section elementor-top-section elementor-element elementor-element-72fa3ad elementor-section-full_width elementor-section-content-top elementor-section-height-default elementor-section-height-default ct-header-fixed-none ct-row-max-none\" data-id=\"72fa3ad\" data-element_type=\"section\" data-settings=\"{&quot;background_background&quot;:&quot;classic&quot;}\">\n                            <div class=\"elementor-background-overlay\"><\/div>\n                \n                        <div class=\"elementor-container elementor-column-gap-no\">\n                    <div class=\"elementor-column elementor-col-50 elementor-top-column elementor-element elementor-element-19e89a4\" data-id=\"19e89a4\" data-element_type=\"column\">\n            <div class=\"elementor-widget-wrap elementor-element-populated\">\n                        \t\t<div class=\"elementor-element elementor-element-7c4b222 elementor-invisible elementor-widget elementor-widget-ct_heading\" data-id=\"7c4b222\" data-element_type=\"widget\" data-settings=\"{&quot;_animation_tablet&quot;:&quot;fadeInUp&quot;,&quot;_animation&quot;:&quot;fadeInUp&quot;}\" data-widget_type=\"ct_heading.default\">\n\t\t\t\t<div class=\"elementor-widget-container\">\n\t\t\t<div id=\"ct_heading-7c4b222\" class=\"ct-heading h-align-left sub-style1 ct-heading-left item-st-default\">\r\n\t<div class=\"ct-item--inner\">\r\n        <div class=\"ct-inline-css\"  data-css=\"            \">\r\n        <\/div>\r\n                <h3 class=\"item--title st-default case-animate-time\" data-wow-delay=\"ms\">\r\n                        <span class=\"sp-main\">\r\n                \r\n                REGISTRO DE CIUDADAN\u00cdA\r\n                \r\n                            <\/span>\r\n                    <\/h3>\r\n    <\/div>\r\n<\/div>\t\t<\/div>\n\t\t\t\t<\/div>\n\t\t\t\t<div class=\"elementor-element elementor-element-a8839d9 wow fadeInRight elementor-widget elementor-widget-text-editor\" data-id=\"a8839d9\" data-element_type=\"widget\" data-widget_type=\"text-editor.default\">\n\t\t\t\t<div class=\"elementor-widget-container\">\n\t\t\t<style>\/*! elementor - v3.18.0 - 20-12-2023 *\/\n.elementor-widget-text-editor.elementor-drop-cap-view-stacked .elementor-drop-cap{background-color:#69727d;color:#fff}.elementor-widget-text-editor.elementor-drop-cap-view-framed .elementor-drop-cap{color:#69727d;border:3px solid;background-color:transparent}.elementor-widget-text-editor:not(.elementor-drop-cap-view-default) .elementor-drop-cap{margin-top:8px}.elementor-widget-text-editor:not(.elementor-drop-cap-view-default) .elementor-drop-cap-letter{width:1em;height:1em}.elementor-widget-text-editor .elementor-drop-cap{float:left;text-align:center;line-height:1;font-size:50px}.elementor-widget-text-editor .elementor-drop-cap-letter{display:inline-block}<\/style>\t\t\t\t<p>\u00a1Bienvenido a la p\u00e1gina de registro para recibir asistencia con su solicitud de ciudadan\u00eda! Nuestros servicios son gratuitos, pero requerimos un m\u00e9todo de pago para registrarse. Solo se le cobrar\u00e1 una tarifa de $ 40 si no se presenta a su cita sin cancelar al menos 48 horas antes de la fecha de su cita.<\/p><p>\u00a1Gracias por su inter\u00e9s en aplicar para la ciudadan\u00eda americana!<\/p>\t\t\t\t\t\t<\/div>\n\t\t\t\t<\/div>\n\t\t\t\t<div class=\"elementor-element elementor-element-a796b8e elementor-hidden-widescreen elementor-hidden-desktop elementor-hidden-laptop elementor-hidden-tablet_extra elementor-hidden-tablet elementor-hidden-mobile_extra elementor-hidden-mobile elementor-widget elementor-widget-ucaddon_blox_btn_group\" data-id=\"a796b8e\" data-element_type=\"widget\" data-widget_type=\"ucaddon_blox_btn_group.default\">\n\t\t\t\t<div class=\"elementor-widget-container\">\n\t\t\t<!-- start Button Group -->\n\t\t<link id='font-awesome-css' href='https:\/\/dominicanosusa.org\/wp-content\/plugins\/unlimited-elements-for-elementor-premium\/assets_libraries\/font-awesome5\/css\/fontawesome-all.min.css' type='text\/css' rel='stylesheet' >\n\t\t<link id='font-awesome-4-shim-css' href='https:\/\/dominicanosusa.org\/wp-content\/plugins\/unlimited-elements-for-elementor-premium\/assets_libraries\/font-awesome5\/css\/fontawesome-v4-shims.css' type='text\/css' rel='stylesheet' >\n\n\t\t\t<style type=\"text\/css\">\/* widget: Button Group *\/\n\n#uc_blox_btn_group_elementor_a796b8e\n{\n  display:flex;\n  flex-wrap: wrap;\n}\n\n#uc_blox_btn_group_elementor_a796b8e a\n{\n  display:block;\n  text-decoration:none;\n  transition:0.3s;\n\n}\n\n#uc_blox_btn_group_elementor_a796b8e .blox_btn_group_inner\n{\n  display:inline-flex;\n  align-items:center;\n}\n\n#uc_blox_btn_group_elementor_a796b8e .blox_btn_group_inner .ue-btn-icon\n{\n  line-height:1em;\n}\n\n#uc_blox_btn_group_elementor_a796b8e .blox_btn_group_inner .ue-btn-icon svg\n{\n  height:1em;\n  width:1em;\n}\n\n<\/style>\n\n\t\t\t<div id=\"uc_blox_btn_group_elementor_a796b8e\" class=\"blox_btn_group\">\n  <a class=\"elementor-repeater-item-66980e3 elementor-animation-bob\" href=\"https:\/\/youtu.be\/88S6K_oIqhQ\" id=\"uc_blox_btn_group_elementor_a796b8e_item1\"  target='_blank'>\n  <div class=\"blox_btn_group_inner\">\n        <div class=\"ue-btn-txt\">\u00a1Ver m\u00e1s acerca del voluntariado!<\/div>\n  <\/div>\n<\/a>\n\n  \n\n\n<\/div>\n\t\t\t<!-- end Button Group -->\t\t<\/div>\n\t\t\t\t<\/div>\n\t\t            <\/div>\n        <\/div>\n                <div class=\"elementor-column elementor-col-50 elementor-top-column elementor-element elementor-element-088d380\" data-id=\"088d380\" data-element_type=\"column\" data-settings=\"{&quot;background_background&quot;:&quot;classic&quot;}\">\n            <div class=\"elementor-widget-wrap elementor-element-populated\">\n                        \t\t<div class=\"elementor-element elementor-element-b2165e3 elementor-widget elementor-widget-html\" data-id=\"b2165e3\" data-element_type=\"widget\" data-widget_type=\"html.default\">\n\t\t\t\t<div class=\"elementor-widget-container\">\n\t\t\t<iframe src=\" https:\/\/www.tfaforms.com\/workflows\/start\/6116\" width=\"100%\" height=\"1000px\" frameborder=\"0\" style=\"border: 0;\"><\/iframe><br>Brought to you by <a href=\"https:\/\/dominicanosusa.org\/es\/citizenship-registration\/\" target=\"_blank\" rel=\"noopener\">https:\/\/dominicanosusa.org<\/a>\t\t<\/div>\n\t\t\t\t<\/div>\n\t\t            <\/div>\n        <\/div>\n                            <\/div>\n        <\/section>\n        \t\t\t\t\t<\/div>","protected":false},"excerpt":{"rendered":"<p>CITIZENSHIP REGISTRATION Welcome to the registration page to receive assistance with your citizenship application! Our services are free, but we require a payment method in order to register. You will only be charged a $40 fee if you don\u2019t show up to your appointment without canceling at least 48 hours prior to your appointment date. [&hellip;]<\/p>\n","protected":false},"author":1,"featured_media":0,"parent":0,"menu_order":0,"comment_status":"closed","ping_status":"closed","template":"","meta":{"footnotes":""},"class_list":["post-12102","page","type-page","status-publish","hentry"],"yoast_head":"<!-- This site is optimized with the Yoast SEO plugin v26.0 - https:\/\/yoast.com\/wordpress\/plugins\/seo\/ -->\n<title>Citizenship Registration - Dominicanos USA<\/title>\n<meta name=\"description\" content=\"Citizenship Registration Welcome to the registration page to receive assistance with your citizenship application! Our services are free, but we required a payment method in order to register. You will only be charged a $40 fee if you don\u2019t show up to your appointment without canceling at least 48 hours prior to your appointment date.\" \/>\n<meta name=\"robots\" content=\"index, follow, max-snippet:-1, max-image-preview:large, max-video-preview:-1\" \/>\n<link rel=\"canonical\" href=\"https:\/\/dominicanosusa.org\/es\/citizenship-registration\/\" \/>\n<meta property=\"og:locale\" content=\"es_ES\" \/>\n<meta property=\"og:type\" content=\"article\" \/>\n<meta property=\"og:title\" content=\"Citizenship Registration - Dominicanos USA\" \/>\n<meta property=\"og:description\" content=\"Citizenship Registration Welcome to the registration page to receive assistance with your citizenship application! Our services are free, but we required a payment method in order to register. You will only be charged a $40 fee if you don\u2019t show up to your appointment without canceling at least 48 hours prior to your appointment date.\" \/>\n<meta property=\"og:url\" content=\"https:\/\/dominicanosusa.org\/es\/citizenship-registration\/\" \/>\n<meta property=\"og:site_name\" content=\"Dominicanos USA\" \/>\n<meta property=\"article:publisher\" content=\"https:\/\/facebook.com\/dominicanosusa\" \/>\n<meta property=\"article:modified_time\" content=\"2023-11-09T15:25:38+00:00\" \/>\n<meta property=\"og:image\" content=\"https:\/\/dominicanosusa.org\/wp-content\/uploads\/2020\/04\/1-DUSA-LOGO-APPLICATIONS.png\" \/>\n\t<meta property=\"og:image:width\" content=\"1080\" \/>\n\t<meta property=\"og:image:height\" content=\"512\" \/>\n\t<meta property=\"og:image:type\" content=\"image\/png\" \/>\n<meta name=\"twitter:card\" content=\"summary_large_image\" \/>\n<meta name=\"twitter:site\" content=\"@yosoydusa\" \/>\n<meta name=\"twitter:label1\" content=\"Tiempo de lectura\" \/>\n\t<meta name=\"twitter:data1\" content=\"1 minuto\" \/>\n<script type=\"application\/ld+json\" class=\"yoast-schema-graph\">{\"@context\":\"https:\/\/schema.org\",\"@graph\":[{\"@type\":\"WebPage\",\"@id\":\"https:\/\/dominicanosusa.org\/citizenship-registration\/\",\"url\":\"https:\/\/dominicanosusa.org\/citizenship-registration\/\",\"name\":\"Citizenship Registration - Dominicanos USA\",\"isPartOf\":{\"@id\":\"https:\/\/dominicanosusa.org\/#website\"},\"datePublished\":\"2023-02-21T16:27:12+00:00\",\"dateModified\":\"2023-11-09T15:25:38+00:00\",\"description\":\"Citizenship Registration Welcome to the registration page to receive assistance with your citizenship application! Our services are free, but we required a payment method in order to register. You will only be charged a $40 fee if you don\u2019t show up to your appointment without canceling at least 48 hours prior to your appointment date.\",\"breadcrumb\":{\"@id\":\"https:\/\/dominicanosusa.org\/citizenship-registration\/#breadcrumb\"},\"inLanguage\":\"es\",\"potentialAction\":[{\"@type\":\"ReadAction\",\"target\":[\"https:\/\/dominicanosusa.org\/citizenship-registration\/\"]}]},{\"@type\":\"BreadcrumbList\",\"@id\":\"https:\/\/dominicanosusa.org\/citizenship-registration\/#breadcrumb\",\"itemListElement\":[{\"@type\":\"ListItem\",\"position\":1,\"name\":\"Portada\",\"item\":\"https:\/\/dominicanosusa.org\/\"},{\"@type\":\"ListItem\",\"position\":2,\"name\":\"Citizenship Registration\"}]},{\"@type\":\"WebSite\",\"@id\":\"https:\/\/dominicanosusa.org\/#website\",\"url\":\"https:\/\/dominicanosusa.org\/\",\"name\":\"Dominicanos USA\",\"description\":\"Dominicanos USA\",\"publisher\":{\"@id\":\"https:\/\/dominicanosusa.org\/#organization\"},\"alternateName\":\"DUSA\",\"potentialAction\":[{\"@type\":\"SearchAction\",\"target\":{\"@type\":\"EntryPoint\",\"urlTemplate\":\"https:\/\/dominicanosusa.org\/?s={search_term_string}\"},\"query-input\":{\"@type\":\"PropertyValueSpecification\",\"valueRequired\":true,\"valueName\":\"search_term_string\"}}],\"inLanguage\":\"es\"},{\"@type\":\"Organization\",\"@id\":\"https:\/\/dominicanosusa.org\/#organization\",\"name\":\"Dominicanos USA\",\"alternateName\":\"DUSA\",\"url\":\"https:\/\/dominicanosusa.org\/\",\"logo\":{\"@type\":\"ImageObject\",\"inLanguage\":\"es\",\"@id\":\"https:\/\/dominicanosusa.org\/#\/schema\/logo\/image\/\",\"url\":\"https:\/\/dominicanosusa.org\/wp-content\/uploads\/2020\/04\/1-DUSA-LOGO-APPLICATIONS.png\",\"contentUrl\":\"https:\/\/dominicanosusa.org\/wp-content\/uploads\/2020\/04\/1-DUSA-LOGO-APPLICATIONS.png\",\"width\":1080,\"height\":512,\"caption\":\"Dominicanos USA\"},\"image\":{\"@id\":\"https:\/\/dominicanosusa.org\/#\/schema\/logo\/image\/\"},\"sameAs\":[\"https:\/\/facebook.com\/dominicanosusa\",\"https:\/\/x.com\/yosoydusa\"]}]}<\/script>\n<!-- \/ Yoast SEO plugin. -->","yoast_head_json":{"title":"Citizenship Registration - Dominicanos USA","description":"Citizenship Registration Welcome to the registration page to receive assistance with your citizenship application! Our services are free, but we required a payment method in order to register. You will only be charged a $40 fee if you don\u2019t show up to your appointment without canceling at least 48 hours prior to your appointment date.","robots":{"index":"index","follow":"follow","max-snippet":"max-snippet:-1","max-image-preview":"max-image-preview:large","max-video-preview":"max-video-preview:-1"},"canonical":"https:\/\/dominicanosusa.org\/es\/citizenship-registration\/","og_locale":"es_ES","og_type":"article","og_title":"Citizenship Registration - Dominicanos USA","og_description":"Citizenship Registration Welcome to the registration page to receive assistance with your citizenship application! Our services are free, but we required a payment method in order to register. You will only be charged a $40 fee if you don\u2019t show up to your appointment without canceling at least 48 hours prior to your appointment date.","og_url":"https:\/\/dominicanosusa.org\/es\/citizenship-registration\/","og_site_name":"Dominicanos USA","article_publisher":"https:\/\/facebook.com\/dominicanosusa","article_modified_time":"2023-11-09T15:25:38+00:00","og_image":[{"width":1080,"height":512,"url":"https:\/\/dominicanosusa.org\/wp-content\/uploads\/2020\/04\/1-DUSA-LOGO-APPLICATIONS.png","type":"image\/png"}],"twitter_card":"summary_large_image","twitter_site":"@yosoydusa","twitter_misc":{"Tiempo de lectura":"1 minuto"},"schema":{"@context":"https:\/\/schema.org","@graph":[{"@type":"WebPage","@id":"https:\/\/dominicanosusa.org\/citizenship-registration\/","url":"https:\/\/dominicanosusa.org\/citizenship-registration\/","name":"Citizenship Registration - Dominicanos USA","isPartOf":{"@id":"https:\/\/dominicanosusa.org\/#website"},"datePublished":"2023-02-21T16:27:12+00:00","dateModified":"2023-11-09T15:25:38+00:00","description":"Citizenship Registration Welcome to the registration page to receive assistance with your citizenship application! Our services are free, but we required a payment method in order to register. You will only be charged a $40 fee if you don\u2019t show up to your appointment without canceling at least 48 hours prior to your appointment date.","breadcrumb":{"@id":"https:\/\/dominicanosusa.org\/citizenship-registration\/#breadcrumb"},"inLanguage":"es","potentialAction":[{"@type":"ReadAction","target":["https:\/\/dominicanosusa.org\/citizenship-registration\/"]}]},{"@type":"BreadcrumbList","@id":"https:\/\/dominicanosusa.org\/citizenship-registration\/#breadcrumb","itemListElement":[{"@type":"ListItem","position":1,"name":"Portada","item":"https:\/\/dominicanosusa.org\/"},{"@type":"ListItem","position":2,"name":"Citizenship Registration"}]},{"@type":"WebSite","@id":"https:\/\/dominicanosusa.org\/#website","url":"https:\/\/dominicanosusa.org\/","name":"Dominicanos USA","description":"Dominicanos USA","publisher":{"@id":"https:\/\/dominicanosusa.org\/#organization"},"alternateName":"DUSA","potentialAction":[{"@type":"SearchAction","target":{"@type":"EntryPoint","urlTemplate":"https:\/\/dominicanosusa.org\/?s={search_term_string}"},"query-input":{"@type":"PropertyValueSpecification","valueRequired":true,"valueName":"search_term_string"}}],"inLanguage":"es"},{"@type":"Organization","@id":"https:\/\/dominicanosusa.org\/#organization","name":"Dominicanos USA","alternateName":"DUSA","url":"https:\/\/dominicanosusa.org\/","logo":{"@type":"ImageObject","inLanguage":"es","@id":"https:\/\/dominicanosusa.org\/#\/schema\/logo\/image\/","url":"https:\/\/dominicanosusa.org\/wp-content\/uploads\/2020\/04\/1-DUSA-LOGO-APPLICATIONS.png","contentUrl":"https:\/\/dominicanosusa.org\/wp-content\/uploads\/2020\/04\/1-DUSA-LOGO-APPLICATIONS.png","width":1080,"height":512,"caption":"Dominicanos USA"},"image":{"@id":"https:\/\/dominicanosusa.org\/#\/schema\/logo\/image\/"},"sameAs":["https:\/\/facebook.com\/dominicanosusa","https:\/\/x.com\/yosoydusa"]}]}},"_links":{"self":[{"href":"https:\/\/dominicanosusa.org\/es\/wp-json\/wp\/v2\/pages\/12102","targetHints":{"allow":["GET"]}}],"collection":[{"href":"https:\/\/dominicanosusa.org\/es\/wp-json\/wp\/v2\/pages"}],"about":[{"href":"https:\/\/dominicanosusa.org\/es\/wp-json\/wp\/v2\/types\/page"}],"author":[{"embeddable":true,"href":"https:\/\/dominicanosusa.org\/es\/wp-json\/wp\/v2\/users\/1"}],"replies":[{"embeddable":true,"href":"https:\/\/dominicanosusa.org\/es\/wp-json\/wp\/v2\/comments?post=12102"}],"version-history":[{"count":0,"href":"https:\/\/dominicanosusa.org\/es\/wp-json\/wp\/v2\/pages\/12102\/revisions"}],"wp:attachment":[{"href":"https:\/\/dominicanosusa.org\/es\/wp-json\/wp\/v2\/media?parent=12102"}],"curies":[{"name":"wp","href":"https:\/\/api.w.org\/{rel}","templated":true}]}}